{"id":4116,"date":"2024-04-16T09:23:06","date_gmt":"2024-04-16T14:23:06","guid":{"rendered":"https:\/\/snackexpress.co\/wp\/?page_id=4116"},"modified":"2026-03-31T13:58:45","modified_gmt":"2026-03-31T18:58:45","slug":"cotizacion-innova-t-90","status":"publish","type":"page","link":"https:\/\/snackexpress.co\/wp\/cotizacion-innova-t-90\/","title":{"rendered":"Cotizaci\u00f3n Innova T-90"},"content":{"rendered":"\t\t<div data-elementor-type=\"wp-page\" data-elementor-id=\"4116\" class=\"elementor elementor-4116\">\n\t\t\t\t\t\t<section class=\"elementor-section elementor-top-section elementor-element elementor-element-2f32bb6 elementor-section-boxed elementor-section-height-default elementor-section-height-default\" data-id=\"2f32bb6\" data-element_type=\"section\" data-e-type=\"section\">\n\t\t\t\t\t\t<div class=\"elementor-container elementor-column-gap-default\">\n\t\t\t\t\t<div class=\"elementor-column elementor-col-100 elementor-top-column elementor-element elementor-element-7739854\" data-id=\"7739854\" data-element_type=\"column\" data-e-type=\"column\">\n\t\t\t<div class=\"elementor-widget-wrap elementor-element-populated\">\n\t\t\t\t\t\t<div class=\"elementor-element elementor-element-b40e51d elementor-widget elementor-widget-spacer\" data-id=\"b40e51d\" data-element_type=\"widget\" data-e-type=\"widget\" data-widget_type=\"spacer.default\">\n\t\t\t\t<div class=\"elementor-widget-container\">\n\t\t\t\t\t\t\t<div class=\"elementor-spacer\">\n\t\t\t<div class=\"elementor-spacer-inner\"><\/div>\n\t\t<\/div>\n\t\t\t\t\t\t<\/div>\n\t\t\t\t<\/div>\n\t\t\t\t\t<\/div>\n\t\t<\/div>\n\t\t\t\t\t<\/div>\n\t\t<\/section>\n\t\t\t\t<section class=\"elementor-section elementor-top-section elementor-element elementor-element-5cedbd3 elementor-section-content-middle elementor-section-boxed elementor-section-height-default elementor-section-height-default\" data-id=\"5cedbd3\" data-element_type=\"section\" data-e-type=\"section\">\n\t\t\t\t\t\t<div class=\"elementor-container elementor-column-gap-default\">\n\t\t\t\t\t<div class=\"elementor-column elementor-col-50 elementor-top-column elementor-element elementor-element-c1908b4\" data-id=\"c1908b4\" data-element_type=\"column\" data-e-type=\"column\">\n\t\t\t<div class=\"elementor-widget-wrap elementor-element-populated\">\n\t\t\t\t\t\t<div class=\"elementor-element elementor-element-2ba7e76 elementor-widget elementor-widget-heading\" data-id=\"2ba7e76\" data-element_type=\"widget\" data-e-type=\"widget\" data-widget_type=\"heading.default\">\n\t\t\t\t<div class=\"elementor-widget-container\">\n\t\t\t\t\t<h2 class=\"elementor-heading-title elementor-size-default\">Cotizaci\u00f3n Innova T-90<\/h2>\t\t\t\t<\/div>\n\t\t\t\t<\/div>\n\t\t\t\t\t<\/div>\n\t\t<\/div>\n\t\t\t\t<div class=\"elementor-column elementor-col-50 elementor-top-column elementor-element elementor-element-317cd3b\" data-id=\"317cd3b\" data-element_type=\"column\" data-e-type=\"column\">\n\t\t\t<div class=\"elementor-widget-wrap elementor-element-populated\">\n\t\t\t\t\t\t<div class=\"elementor-element elementor-element-9f4895d elementor-widget elementor-widget-text-editor\" data-id=\"9f4895d\" data-element_type=\"widget\" data-e-type=\"widget\" data-widget_type=\"text-editor.default\">\n\t\t\t\t<div class=\"elementor-widget-container\">\n\t\t\t\t\t\t\t\t\t<p style=\"text-align: right;\"><a href=\"https:\/\/snackexpress.co\/wp\/nuestros-equipos\/\">&lt; Volver al cat\u00e1logo\u00a0<\/a><\/p>\t\t\t\t\t\t\t\t<\/div>\n\t\t\t\t<\/div>\n\t\t\t\t\t<\/div>\n\t\t<\/div>\n\t\t\t\t\t<\/div>\n\t\t<\/section>\n\t\t\t\t<section class=\"elementor-section elementor-top-section elementor-element elementor-element-3c5033e elementor-section-boxed elementor-section-height-default elementor-section-height-default\" data-id=\"3c5033e\" data-element_type=\"section\" data-e-type=\"section\">\n\t\t\t\t\t\t<div class=\"elementor-container elementor-column-gap-default\">\n\t\t\t\t\t<div class=\"elementor-column elementor-col-50 elementor-top-column elementor-element elementor-element-8cc0458\" data-id=\"8cc0458\" data-element_type=\"column\" data-e-type=\"column\">\n\t\t\t<div class=\"elementor-widget-wrap elementor-element-populated\">\n\t\t\t\t\t\t<div class=\"elementor-element elementor-element-180ac95 elementor-widget elementor-widget-image\" data-id=\"180ac95\" data-element_type=\"widget\" data-e-type=\"widget\" data-widget_type=\"image.default\">\n\t\t\t\t<div class=\"elementor-widget-container\">\n\t\t\t\t\t\t\t\t\t\t\t\t\t\t\t<img fetchpriority=\"high\" decoding=\"async\" width=\"600\" height=\"800\" src=\"https:\/\/snackexpress.co\/wp\/wp-content\/uploads\/2024\/03\/Img-Venta-equipos-2.png\" class=\"attachment-large size-large wp-image-3899\" alt=\"\" srcset=\"https:\/\/snackexpress.co\/wp\/wp-content\/uploads\/2024\/03\/Img-Venta-equipos-2.png 600w, https:\/\/snackexpress.co\/wp\/wp-content\/uploads\/2024\/03\/Img-Venta-equipos-2-225x300.png 225w\" sizes=\"(max-width: 600px) 100vw, 600px\" \/>\t\t\t\t\t\t\t\t\t\t\t\t\t\t\t<\/div>\n\t\t\t\t<\/div>\n\t\t\t\t\t<\/div>\n\t\t<\/div>\n\t\t\t\t<div class=\"elementor-column elementor-col-50 elementor-top-column elementor-element elementor-element-c4837ea\" data-id=\"c4837ea\" data-element_type=\"column\" data-e-type=\"column\">\n\t\t\t<div class=\"elementor-widget-wrap elementor-element-populated\">\n\t\t\t\t\t\t<div class=\"elementor-element elementor-element-4fb4aaa elementor-widget elementor-widget-shortcode\" data-id=\"4fb4aaa\" data-element_type=\"widget\" data-e-type=\"widget\" data-widget_type=\"shortcode.default\">\n\t\t\t\t<div class=\"elementor-widget-container\">\n\t\t\t\t\t\t\t<div class=\"elementor-shortcode\">\n<div class=\"wpcf7 no-js\" id=\"wpcf7-f4128-o1\" lang=\"es-ES\" dir=\"ltr\" data-wpcf7-id=\"4128\">\n<div class=\"screen-reader-response\"><p role=\"status\" aria-live=\"polite\" aria-atomic=\"true\"><\/p> <ul><\/ul><\/div>\n<form action=\"\/wp\/wp-json\/wp\/v2\/pages\/4116#wpcf7-f4128-o1\" method=\"post\" class=\"wpcf7-form init\" aria-label=\"Formulario de contacto\" novalidate=\"novalidate\" data-status=\"init\">\n<fieldset class=\"hidden-fields-container\"><input type=\"hidden\" name=\"_wpcf7\" value=\"4128\" \/><input type=\"hidden\" name=\"_wpcf7_version\" value=\"6.1.5\" \/><input type=\"hidden\" name=\"_wpcf7_locale\" value=\"es_ES\" \/><input type=\"hidden\" name=\"_wpcf7_unit_tag\" value=\"wpcf7-f4128-o1\" \/><input type=\"hidden\" name=\"_wpcf7_container_post\" value=\"0\" \/><input type=\"hidden\" name=\"_wpcf7_posted_data_hash\" value=\"\" \/><input type=\"hidden\" name=\"_wpcf7_recaptcha_response\" value=\"\" \/>\n<\/fieldset>\n<p><label> Tu nombre<br \/>\n<span class=\"wpcf7-form-control-wrap\" data-name=\"your-name\"><input size=\"40\" maxlength=\"400\" class=\"wpcf7-form-control wpcf7-text wpcf7-validates-as-required\" autocomplete=\"name\" aria-required=\"true\" aria-invalid=\"false\" value=\"\" type=\"text\" name=\"your-name\" \/><\/span> <\/label>\n<\/p>\n<p><label> Tu correo electr\u00f3nico<br \/>\n<span class=\"wpcf7-form-control-wrap\" data-name=\"your-email\"><input size=\"40\" maxlength=\"400\" class=\"wpcf7-form-control wpcf7-email wpcf7-validates-as-required wpcf7-text wpcf7-validates-as-email\" autocomplete=\"email\" aria-required=\"true\" aria-invalid=\"false\" value=\"\" type=\"email\" name=\"your-email\" \/><\/span> <\/label>\n<\/p>\n<p><label> Empresa<br \/>\n<span class=\"wpcf7-form-control-wrap\" data-name=\"your-subject\"><input size=\"40\" maxlength=\"400\" class=\"wpcf7-form-control wpcf7-text wpcf7-validates-as-required\" aria-required=\"true\" aria-invalid=\"false\" value=\"\" type=\"text\" name=\"your-subject\" \/><\/span> <\/label>\n<\/p>\n<p><label> Sector al que pertenece su empresa<br \/>\n<span class=\"wpcf7-form-control-wrap\" data-name=\"sectordesuempresa\"><select class=\"wpcf7-form-control wpcf7-select\" aria-invalid=\"false\" name=\"sectordesuempresa\"><option value=\"Sector educativo\">Sector educativo<\/option><option value=\"Sector de salud\">Sector de salud<\/option><option value=\"Propiedades horizontales\">Propiedades horizontales<\/option><option value=\"Sector del gobierno\">Sector del gobierno<\/option><option value=\"Propiedades empresariales\">Propiedades empresariales<\/option><option value=\"Sector hotelero\">Sector hotelero<\/option><\/select><\/span><\/label>\n<\/p>\n<p><label>Cantidad de m\u00e1quinas<br \/>\n<span class=\"wpcf7-form-control-wrap\" data-name=\"number-76\"><input class=\"wpcf7-form-control wpcf7-number wpcf7-validates-as-number\" aria-invalid=\"false\" value=\"\" type=\"number\" name=\"number-76\" \/><\/span><\/label>\n<\/p>\n<span class=\"wpcf7-form-control-wrap recaptcha\" data-name=\"recaptcha\"><span data-sitekey=\"6LcU2X0pAAAAAMbjo2rQZhjmtZ2Oc7NNMotpi_SH\" class=\"wpcf7-form-control wpcf7-recaptcha g-recaptcha\"><\/span>\r\n<noscript>\r\n\t<div class=\"grecaptcha-noscript\">\r\n\t\t<iframe src=\"https:\/\/www.google.com\/recaptcha\/api\/fallback?k=6LcU2X0pAAAAAMbjo2rQZhjmtZ2Oc7NNMotpi_SH\" frameborder=\"0\" scrolling=\"no\" width=\"310\" height=\"430\">\r\n\t\t<\/iframe>\r\n\t\t<textarea name=\"g-recaptcha-response\" rows=\"3\" cols=\"40\" placeholder=\"Aqu\u00ed la respuesta de reCAPTCHA\">\r\n\t\t<\/textarea>\r\n\t<\/div>\r\n<\/noscript>\r\n<\/span>\n<p><input class=\"wpcf7-form-control wpcf7-submit has-spinner\" type=\"submit\" value=\"Enviar\" \/>\n<\/p><div class=\"wpcf7-response-output\" aria-hidden=\"true\"><\/div>\n<\/form>\n<\/div>\n<\/div>\n\t\t\t\t\t\t<\/div>\n\t\t\t\t<\/div>\n\t\t\t\t\t<\/div>\n\t\t<\/div>\n\t\t\t\t\t<\/div>\n\t\t<\/section>\n\t\t\t\t<section class=\"elementor-section elementor-top-section elementor-element elementor-element-26f7d8e elementor-section-boxed elementor-section-height-default elementor-section-height-default\" data-id=\"26f7d8e\" data-element_type=\"section\" data-e-type=\"section\">\n\t\t\t\t\t\t<div class=\"elementor-container elementor-column-gap-default\">\n\t\t\t\t\t<div class=\"elementor-column elementor-col-100 elementor-top-column elementor-element elementor-element-4189468\" data-id=\"4189468\" data-element_type=\"column\" data-e-type=\"column\">\n\t\t\t<div class=\"elementor-widget-wrap elementor-element-populated\">\n\t\t\t\t\t\t<div class=\"elementor-element elementor-element-3501840 elementor-widget elementor-widget-spacer\" data-id=\"3501840\" data-element_type=\"widget\" data-e-type=\"widget\" data-widget_type=\"spacer.default\">\n\t\t\t\t<div class=\"elementor-widget-container\">\n\t\t\t\t\t\t\t<div class=\"elementor-spacer\">\n\t\t\t<div class=\"elementor-spacer-inner\"><\/div>\n\t\t<\/div>\n\t\t\t\t\t\t<\/div>\n\t\t\t\t<\/div>\n\t\t\t\t\t<\/div>\n\t\t<\/div>\n\t\t\t\t\t<\/div>\n\t\t<\/section>\n\t\t\t\t<\/div>\n\t\t","protected":false},"excerpt":{"rendered":"<p>Cotizaci\u00f3n Innova T-90 &lt; Volver al cat\u00e1logo\u00a0<\/p>\n","protected":false},"author":1,"featured_media":0,"parent":0,"menu_order":0,"comment_status":"closed","ping_status":"closed","template":"elementor_header_footer","meta":{"content-type":"","footnotes":""},"class_list":["post-4116","page","type-page","status-publish","hentry"],"yoast_head":"<!-- This site is optimized with the Yoast SEO plugin v27.2 - https:\/\/yoast.com\/product\/yoast-seo-wordpress\/ -->\n<title>Cotizaci\u00f3n Innova T-90 - Operadora Snack Express<\/title>\n<meta name=\"robots\" content=\"index, follow, max-snippet:-1, max-image-preview:large, max-video-preview:-1\" \/>\n<link rel=\"canonical\" href=\"https:\/\/snackexpress.co\/wp\/cotizacion-innova-t-90\/\" \/>\n<meta property=\"og:locale\" content=\"es_ES\" \/>\n<meta property=\"og:type\" content=\"article\" \/>\n<meta property=\"og:title\" content=\"Cotizaci\u00f3n Innova T-90 - Operadora Snack Express\" \/>\n<meta property=\"og:description\" content=\"Cotizaci\u00f3n Innova T-90 &lt; Volver al cat\u00e1logo\u00a0\" \/>\n<meta property=\"og:url\" content=\"https:\/\/snackexpress.co\/wp\/cotizacion-innova-t-90\/\" \/>\n<meta property=\"og:site_name\" content=\"Operadora Snack Express\" \/>\n<meta property=\"article:modified_time\" content=\"2026-03-31T18:58:45+00:00\" \/>\n<meta property=\"og:image\" content=\"http:\/\/snackexpress.co\/wp\/wp-content\/uploads\/2024\/03\/Img-Venta-equipos-2.png\" \/>\n<meta name=\"twitter:card\" content=\"summary_large_image\" \/>\n<meta name=\"twitter:label1\" content=\"Tiempo de lectura\" \/>\n\t<meta name=\"twitter:data1\" content=\"1 minuto\" \/>\n<script type=\"application\/ld+json\" class=\"yoast-schema-graph\">{\"@context\":\"https:\/\/schema.org\",\"@graph\":[{\"@type\":\"WebPage\",\"@id\":\"https:\/\/snackexpress.co\/wp\/cotizacion-innova-t-90\/\",\"url\":\"https:\/\/snackexpress.co\/wp\/cotizacion-innova-t-90\/\",\"name\":\"Cotizaci\u00f3n Innova T-90 - Operadora Snack Express\",\"isPartOf\":{\"@id\":\"https:\/\/snackexpress.co\/wp\/#website\"},\"primaryImageOfPage\":{\"@id\":\"https:\/\/snackexpress.co\/wp\/cotizacion-innova-t-90\/#primaryimage\"},\"image\":{\"@id\":\"https:\/\/snackexpress.co\/wp\/cotizacion-innova-t-90\/#primaryimage\"},\"thumbnailUrl\":\"http:\/\/snackexpress.co\/wp\/wp-content\/uploads\/2024\/03\/Img-Venta-equipos-2.png\",\"datePublished\":\"2024-04-16T14:23:06+00:00\",\"dateModified\":\"2026-03-31T18:58:45+00:00\",\"breadcrumb\":{\"@id\":\"https:\/\/snackexpress.co\/wp\/cotizacion-innova-t-90\/#breadcrumb\"},\"inLanguage\":\"es\",\"potentialAction\":[{\"@type\":\"ReadAction\",\"target\":[\"https:\/\/snackexpress.co\/wp\/cotizacion-innova-t-90\/\"]}]},{\"@type\":\"ImageObject\",\"inLanguage\":\"es\",\"@id\":\"https:\/\/snackexpress.co\/wp\/cotizacion-innova-t-90\/#primaryimage\",\"url\":\"http:\/\/snackexpress.co\/wp\/wp-content\/uploads\/2024\/03\/Img-Venta-equipos-2.png\",\"contentUrl\":\"http:\/\/snackexpress.co\/wp\/wp-content\/uploads\/2024\/03\/Img-Venta-equipos-2.png\"},{\"@type\":\"BreadcrumbList\",\"@id\":\"https:\/\/snackexpress.co\/wp\/cotizacion-innova-t-90\/#breadcrumb\",\"itemListElement\":[{\"@type\":\"ListItem\",\"position\":1,\"name\":\"Portada\",\"item\":\"https:\/\/snackexpress.co\/wp\/\"},{\"@type\":\"ListItem\",\"position\":2,\"name\":\"Cotizaci\u00f3n Innova T-90\"}]},{\"@type\":\"WebSite\",\"@id\":\"https:\/\/snackexpress.co\/wp\/#website\",\"url\":\"https:\/\/snackexpress.co\/wp\/\",\"name\":\"Operadora Snack Express\",\"description\":\"Instalaci\u00f3n de maquinas vending sin costo\",\"publisher\":{\"@id\":\"https:\/\/snackexpress.co\/wp\/#organization\"},\"potentialAction\":[{\"@type\":\"SearchAction\",\"target\":{\"@type\":\"EntryPoint\",\"urlTemplate\":\"https:\/\/snackexpress.co\/wp\/?s={search_term_string}\"},\"query-input\":{\"@type\":\"PropertyValueSpecification\",\"valueRequired\":true,\"valueName\":\"search_term_string\"}}],\"inLanguage\":\"es\"},{\"@type\":\"Organization\",\"@id\":\"https:\/\/snackexpress.co\/wp\/#organization\",\"name\":\"Operadora Snack Express\",\"url\":\"https:\/\/snackexpress.co\/wp\/\",\"logo\":{\"@type\":\"ImageObject\",\"inLanguage\":\"es\",\"@id\":\"https:\/\/snackexpress.co\/wp\/#\/schema\/logo\/image\/\",\"url\":\"https:\/\/snackexpress.co\/wp\/wp-content\/uploads\/2022\/11\/cropped-cropped-Logotipo-6.png\",\"contentUrl\":\"https:\/\/snackexpress.co\/wp\/wp-content\/uploads\/2022\/11\/cropped-cropped-Logotipo-6.png\",\"width\":512,\"height\":512,\"caption\":\"Operadora Snack Express\"},\"image\":{\"@id\":\"https:\/\/snackexpress.co\/wp\/#\/schema\/logo\/image\/\"}}]}<\/script>\n<!-- \/ Yoast SEO plugin. -->","yoast_head_json":{"title":"Cotizaci\u00f3n Innova T-90 - Operadora Snack Express","robots":{"index":"index","follow":"follow","max-snippet":"max-snippet:-1","max-image-preview":"max-image-preview:large","max-video-preview":"max-video-preview:-1"},"canonical":"https:\/\/snackexpress.co\/wp\/cotizacion-innova-t-90\/","og_locale":"es_ES","og_type":"article","og_title":"Cotizaci\u00f3n Innova T-90 - Operadora Snack Express","og_description":"Cotizaci\u00f3n Innova T-90 &lt; Volver al cat\u00e1logo\u00a0","og_url":"https:\/\/snackexpress.co\/wp\/cotizacion-innova-t-90\/","og_site_name":"Operadora Snack Express","article_modified_time":"2026-03-31T18:58:45+00:00","og_image":[{"url":"http:\/\/snackexpress.co\/wp\/wp-content\/uploads\/2024\/03\/Img-Venta-equipos-2.png","type":"","width":"","height":""}],"twitter_card":"summary_large_image","twitter_misc":{"Tiempo de lectura":"1 minuto"},"schema":{"@context":"https:\/\/schema.org","@graph":[{"@type":"WebPage","@id":"https:\/\/snackexpress.co\/wp\/cotizacion-innova-t-90\/","url":"https:\/\/snackexpress.co\/wp\/cotizacion-innova-t-90\/","name":"Cotizaci\u00f3n Innova T-90 - Operadora Snack Express","isPartOf":{"@id":"https:\/\/snackexpress.co\/wp\/#website"},"primaryImageOfPage":{"@id":"https:\/\/snackexpress.co\/wp\/cotizacion-innova-t-90\/#primaryimage"},"image":{"@id":"https:\/\/snackexpress.co\/wp\/cotizacion-innova-t-90\/#primaryimage"},"thumbnailUrl":"http:\/\/snackexpress.co\/wp\/wp-content\/uploads\/2024\/03\/Img-Venta-equipos-2.png","datePublished":"2024-04-16T14:23:06+00:00","dateModified":"2026-03-31T18:58:45+00:00","breadcrumb":{"@id":"https:\/\/snackexpress.co\/wp\/cotizacion-innova-t-90\/#breadcrumb"},"inLanguage":"es","potentialAction":[{"@type":"ReadAction","target":["https:\/\/snackexpress.co\/wp\/cotizacion-innova-t-90\/"]}]},{"@type":"ImageObject","inLanguage":"es","@id":"https:\/\/snackexpress.co\/wp\/cotizacion-innova-t-90\/#primaryimage","url":"http:\/\/snackexpress.co\/wp\/wp-content\/uploads\/2024\/03\/Img-Venta-equipos-2.png","contentUrl":"http:\/\/snackexpress.co\/wp\/wp-content\/uploads\/2024\/03\/Img-Venta-equipos-2.png"},{"@type":"BreadcrumbList","@id":"https:\/\/snackexpress.co\/wp\/cotizacion-innova-t-90\/#breadcrumb","itemListElement":[{"@type":"ListItem","position":1,"name":"Portada","item":"https:\/\/snackexpress.co\/wp\/"},{"@type":"ListItem","position":2,"name":"Cotizaci\u00f3n Innova T-90"}]},{"@type":"WebSite","@id":"https:\/\/snackexpress.co\/wp\/#website","url":"https:\/\/snackexpress.co\/wp\/","name":"Operadora Snack Express","description":"Instalaci\u00f3n de maquinas vending sin costo","publisher":{"@id":"https:\/\/snackexpress.co\/wp\/#organization"},"potentialAction":[{"@type":"SearchAction","target":{"@type":"EntryPoint","urlTemplate":"https:\/\/snackexpress.co\/wp\/?s={search_term_string}"},"query-input":{"@type":"PropertyValueSpecification","valueRequired":true,"valueName":"search_term_string"}}],"inLanguage":"es"},{"@type":"Organization","@id":"https:\/\/snackexpress.co\/wp\/#organization","name":"Operadora Snack Express","url":"https:\/\/snackexpress.co\/wp\/","logo":{"@type":"ImageObject","inLanguage":"es","@id":"https:\/\/snackexpress.co\/wp\/#\/schema\/logo\/image\/","url":"https:\/\/snackexpress.co\/wp\/wp-content\/uploads\/2022\/11\/cropped-cropped-Logotipo-6.png","contentUrl":"https:\/\/snackexpress.co\/wp\/wp-content\/uploads\/2022\/11\/cropped-cropped-Logotipo-6.png","width":512,"height":512,"caption":"Operadora Snack Express"},"image":{"@id":"https:\/\/snackexpress.co\/wp\/#\/schema\/logo\/image\/"}}]}},"_links":{"self":[{"href":"https:\/\/snackexpress.co\/wp\/wp-json\/wp\/v2\/pages\/4116","targetHints":{"allow":["GET"]}}],"collection":[{"href":"https:\/\/snackexpress.co\/wp\/wp-json\/wp\/v2\/pages"}],"about":[{"href":"https:\/\/snackexpress.co\/wp\/wp-json\/wp\/v2\/types\/page"}],"author":[{"embeddable":true,"href":"https:\/\/snackexpress.co\/wp\/wp-json\/wp\/v2\/users\/1"}],"replies":[{"embeddable":true,"href":"https:\/\/snackexpress.co\/wp\/wp-json\/wp\/v2\/comments?post=4116"}],"version-history":[{"count":19,"href":"https:\/\/snackexpress.co\/wp\/wp-json\/wp\/v2\/pages\/4116\/revisions"}],"predecessor-version":[{"id":5203,"href":"https:\/\/snackexpress.co\/wp\/wp-json\/wp\/v2\/pages\/4116\/revisions\/5203"}],"wp:attachment":[{"href":"https:\/\/snackexpress.co\/wp\/wp-json\/wp\/v2\/media?parent=4116"}],"curies":[{"name":"wp","href":"https:\/\/api.w.org\/{rel}","templated":true}]}}